{"id":2006,"date":"2012-04-14T10:27:28","date_gmt":"2012-04-14T10:27:28","guid":{"rendered":"https:\/\/keremakultuurikoda.ee\/puhalepa-muusikafestival\/"},"modified":"2024-07-01T10:44:13","modified_gmt":"2024-07-01T10:44:13","slug":"puhalepa-music-festival","status":"publish","type":"page","link":"https:\/\/keremakultuurikoda.ee\/en\/puhalepa-music-festival\/","title":{"rendered":"P\u00fchalepa Music Festival"},"content":{"rendered":"<div class=\"wpb-content-wrapper\"><p>[vc_row][vc_column][vc_column_text]<\/p>\n<div class=\"J0lOec\">\n<p><strong><span class=\"VIiyi\" lang=\"en\"><span class=\"JLqJ4b ChMk0b\" data-language-for-alternatives=\"en\" data-language-to-translate-into=\"et\" data-phrase-index=\"0\">XIII P\u00fchalepa Music Festival will take place August 2-4, 2024 on island Hiiumaa. The concert venues are P\u00fchalepa church and K\u00e4rdla church.<br \/>\n<\/span><\/span><\/strong><\/p>\n<p style=\"font-weight: 400;\">The P\u00fchalepa music festival takes place on island Hiiumaa every year in August. The main concert venue is P\u00fchalepa Church with excellent acoustics. The focus of the festival is old music and contemporary works. It is the only festival in the world where Hiiumaa&#8217;s composer Erkki-Sven T\u00fc\u00fcr&#8217;s music is performed every year.<\/p>\n<p style=\"font-weight: 400;\">This year, the festival will take place on the 2nd-4th in August 2024 and the concert venues are P\u00fchalepa and K\u00e4rdla church. For three days, the festival offers diverse and high-level concerts. The festival is taking place for the 13th time. Festival tickets are on sale at <a href=\"https:\/\/www.piletilevi.ee\/est\/piletid\/muusika\/klassika\/xiii-puhalepa-muusikafestival-91786\/\" target=\"_blank\" rel=\"noopener noreferrer\">Piletilevi<\/a>.<\/p>\n<p style=\"font-weight: 400;\">The organizer of the festival is the MT\u00dc Kerema Kultuurikoda.<\/p>\n<p style=\"font-weight: 400;\">During the festival, the organizers collect support for the organ fund of the P\u00fchalepa church, to cover the costs necessary for the maintenance of the organ.<\/p>\n<p style=\"font-weight: 400;\">See you at the 13th P\u00fchalepa music festival!<\/p>\n<\/div>\n<div class=\"aJIq1d DSmisd\" data-language-code=\"en\" data-language-name=\"English\" data-text=\"This year's festival is special in that this time the works of Hiiumaa composer Erkki-Sven T\u00fc\u00fcr will be performed at all concerts. Since this is also the 60th birthday of Erkki-Sven T\u00fc\u00fcr, what could be even nicer if we celebrate it not only on one and the same day, but for a longer time. And do it on the composer's home island with his own music. We still have one birthday child at this festival - T\u00f5nu K\u00f5rvits, who celebrates his first anniversary in 2019 - 50! For three days, the festival offers diverse and high-quality concerts. On the dinner side, local caterers offer festival guests. The artistic director of the festival is conductor Endrik \u00dcksv\u00e4rav. The organizers of the festival are MT\u00dc Kerema Kultuurikoda and MT\u00dc Collegium Musicale. During the festival, the organizers will collect support for the organ fund of P\u00fchalepa Church to cover the costs necessary for the maintenance of the organ.\" data-crosslingual-hint=\"\" data-location=\"2\" data-enable-toggle-playback-speed=\"true\">\n<div data-show-delay-ms=\"250\" data-append-to-body=\"true\" data-propagate-tooltip-mouseover-events=\"true\" data-anchor-corner=\"bottom-left\" data-popup-corner=\"top-left\"><\/div>\n<\/div>\n<div data-show-delay-ms=\"250\" data-append-to-body=\"true\" data-propagate-tooltip-mouseover-events=\"true\" data-anchor-corner=\"bottom-left\" data-popup-corner=\"top-left\">\n<div><\/div>\n<\/div>\n<p>[\/vc_column_text][\/vc_column][\/vc_row][vc_row][vc_column][vc_empty_space height=&#8221;100px&#8221;][\/vc_column][\/vc_row]<\/p>\n<\/div>","protected":false},"excerpt":{"rendered":"<p>[vc_row][vc_column][vc_column_text] XIII P\u00fchalepa Music Festival will take place August 2-4,<span class=\"excerpt-hellip\"> [\u2026]<\/span><\/p>\n","protected":false},"author":1,"featured_media":0,"parent":0,"menu_order":0,"comment_status":"closed","ping_status":"closed","template":"","meta":{"_monsterinsights_skip_tracking":false,"_monsterinsights_sitenote_active":false,"_monsterinsights_sitenote_note":"","_monsterinsights_sitenote_category":0,"footnotes":""},"class_list":["post-2006","page","type-page","status-publish","hentry"],"yoast_head":"<!-- This site is optimized with the Yoast SEO plugin v23.1 - https:\/\/yoast.com\/wordpress\/plugins\/seo\/ -->\n<title>P\u00fchalepa Music Festival - Kerema Kultuurikoda<\/title>\n<meta name=\"description\" content=\"XIII P\u00fchalepa Music Festival will take place August 2-4, 2024 on island Hiiumaa. The concert venues are P\u00fchalepa church and K\u00e4rdla church.\" \/>\n<meta name=\"robots\" content=\"index, follow, max-snippet:-1, max-image-preview:large, max-video-preview:-1\" \/>\n<link rel=\"canonical\" href=\"https:\/\/keremakultuurikoda.ee\/en\/puhalepa-music-festival\/\" \/>\n<meta property=\"og:locale\" content=\"en_US\" \/>\n<meta property=\"og:type\" content=\"article\" \/>\n<meta property=\"og:title\" content=\"P\u00fchalepa Music Festival - Kerema Kultuurikoda\" \/>\n<meta property=\"og:description\" content=\"XIII P\u00fchalepa Music Festival will take place August 2-4, 2024 on island Hiiumaa. The concert venues are P\u00fchalepa church and K\u00e4rdla church.\" \/>\n<meta property=\"og:url\" content=\"https:\/\/keremakultuurikoda.ee\/en\/puhalepa-music-festival\/\" \/>\n<meta property=\"og:site_name\" content=\"Kerema Kultuurikoda\" \/>\n<meta property=\"article:modified_time\" content=\"2024-07-01T10:44:13+00:00\" \/>\n<meta name=\"twitter:card\" content=\"summary_large_image\" \/>\n<meta name=\"twitter:label1\" content=\"Est. reading time\" \/>\n\t<meta name=\"twitter:data1\" content=\"1 minute\" \/>\n<script type=\"application\/ld+json\" class=\"yoast-schema-graph\">{\"@context\":\"https:\/\/schema.org\",\"@graph\":[{\"@type\":\"WebPage\",\"@id\":\"https:\/\/keremakultuurikoda.ee\/en\/puhalepa-music-festival\/\",\"url\":\"https:\/\/keremakultuurikoda.ee\/en\/puhalepa-music-festival\/\",\"name\":\"P\u00fchalepa Music Festival - Kerema Kultuurikoda\",\"isPartOf\":{\"@id\":\"https:\/\/keremakultuurikoda.ee\/#website\"},\"datePublished\":\"2012-04-14T10:27:28+00:00\",\"dateModified\":\"2024-07-01T10:44:13+00:00\",\"description\":\"XIII P\u00fchalepa Music Festival will take place August 2-4, 2024 on island Hiiumaa. The concert venues are P\u00fchalepa church and K\u00e4rdla church.\",\"breadcrumb\":{\"@id\":\"https:\/\/keremakultuurikoda.ee\/en\/puhalepa-music-festival\/#breadcrumb\"},\"inLanguage\":\"en-US\",\"potentialAction\":[{\"@type\":\"ReadAction\",\"target\":[\"https:\/\/keremakultuurikoda.ee\/en\/puhalepa-music-festival\/\"]}]},{\"@type\":\"BreadcrumbList\",\"@id\":\"https:\/\/keremakultuurikoda.ee\/en\/puhalepa-music-festival\/#breadcrumb\",\"itemListElement\":[{\"@type\":\"ListItem\",\"position\":1,\"name\":\"Home\",\"item\":\"https:\/\/www.keremakultuurikoda.ee\/en\/\"},{\"@type\":\"ListItem\",\"position\":2,\"name\":\"P\u00fchalepa Music Festival\"}]},{\"@type\":\"WebSite\",\"@id\":\"https:\/\/keremakultuurikoda.ee\/#website\",\"url\":\"https:\/\/keremakultuurikoda.ee\/\",\"name\":\"Kerema Kultuurikoda\",\"description\":\"\",\"potentialAction\":[{\"@type\":\"SearchAction\",\"target\":{\"@type\":\"EntryPoint\",\"urlTemplate\":\"https:\/\/keremakultuurikoda.ee\/?s={search_term_string}\"},\"query-input\":\"required name=search_term_string\"}],\"inLanguage\":\"en-US\"}]}<\/script>\n<!-- \/ Yoast SEO plugin. -->","yoast_head_json":{"title":"P\u00fchalepa Music Festival - Kerema Kultuurikoda","description":"XIII P\u00fchalepa Music Festival will take place August 2-4, 2024 on island Hiiumaa. The concert venues are P\u00fchalepa church and K\u00e4rdla church.","robots":{"index":"index","follow":"follow","max-snippet":"max-snippet:-1","max-image-preview":"max-image-preview:large","max-video-preview":"max-video-preview:-1"},"canonical":"https:\/\/keremakultuurikoda.ee\/en\/puhalepa-music-festival\/","og_locale":"en_US","og_type":"article","og_title":"P\u00fchalepa Music Festival - Kerema Kultuurikoda","og_description":"XIII P\u00fchalepa Music Festival will take place August 2-4, 2024 on island Hiiumaa. The concert venues are P\u00fchalepa church and K\u00e4rdla church.","og_url":"https:\/\/keremakultuurikoda.ee\/en\/puhalepa-music-festival\/","og_site_name":"Kerema Kultuurikoda","article_modified_time":"2024-07-01T10:44:13+00:00","twitter_card":"summary_large_image","twitter_misc":{"Est. reading time":"1 minute"},"schema":{"@context":"https:\/\/schema.org","@graph":[{"@type":"WebPage","@id":"https:\/\/keremakultuurikoda.ee\/en\/puhalepa-music-festival\/","url":"https:\/\/keremakultuurikoda.ee\/en\/puhalepa-music-festival\/","name":"P\u00fchalepa Music Festival - Kerema Kultuurikoda","isPartOf":{"@id":"https:\/\/keremakultuurikoda.ee\/#website"},"datePublished":"2012-04-14T10:27:28+00:00","dateModified":"2024-07-01T10:44:13+00:00","description":"XIII P\u00fchalepa Music Festival will take place August 2-4, 2024 on island Hiiumaa. The concert venues are P\u00fchalepa church and K\u00e4rdla church.","breadcrumb":{"@id":"https:\/\/keremakultuurikoda.ee\/en\/puhalepa-music-festival\/#breadcrumb"},"inLanguage":"en-US","potentialAction":[{"@type":"ReadAction","target":["https:\/\/keremakultuurikoda.ee\/en\/puhalepa-music-festival\/"]}]},{"@type":"BreadcrumbList","@id":"https:\/\/keremakultuurikoda.ee\/en\/puhalepa-music-festival\/#breadcrumb","itemListElement":[{"@type":"ListItem","position":1,"name":"Home","item":"https:\/\/www.keremakultuurikoda.ee\/en\/"},{"@type":"ListItem","position":2,"name":"P\u00fchalepa Music Festival"}]},{"@type":"WebSite","@id":"https:\/\/keremakultuurikoda.ee\/#website","url":"https:\/\/keremakultuurikoda.ee\/","name":"Kerema Kultuurikoda","description":"","potentialAction":[{"@type":"SearchAction","target":{"@type":"EntryPoint","urlTemplate":"https:\/\/keremakultuurikoda.ee\/?s={search_term_string}"},"query-input":"required name=search_term_string"}],"inLanguage":"en-US"}]}},"_links":{"self":[{"href":"https:\/\/keremakultuurikoda.ee\/en\/wp-json\/wp\/v2\/pages\/2006"}],"collection":[{"href":"https:\/\/keremakultuurikoda.ee\/en\/wp-json\/wp\/v2\/pages"}],"about":[{"href":"https:\/\/keremakultuurikoda.ee\/en\/wp-json\/wp\/v2\/types\/page"}],"author":[{"embeddable":true,"href":"https:\/\/keremakultuurikoda.ee\/en\/wp-json\/wp\/v2\/users\/1"}],"replies":[{"embeddable":true,"href":"https:\/\/keremakultuurikoda.ee\/en\/wp-json\/wp\/v2\/comments?post=2006"}],"version-history":[{"count":5,"href":"https:\/\/keremakultuurikoda.ee\/en\/wp-json\/wp\/v2\/pages\/2006\/revisions"}],"predecessor-version":[{"id":2368,"href":"https:\/\/keremakultuurikoda.ee\/en\/wp-json\/wp\/v2\/pages\/2006\/revisions\/2368"}],"wp:attachment":[{"href":"https:\/\/keremakultuurikoda.ee\/en\/wp-json\/wp\/v2\/media?parent=2006"}],"curies":[{"name":"wp","href":"https:\/\/api.w.org\/{rel}","templated":true}]}}